{"id":2351,"date":"2023-08-15T03:29:44","date_gmt":"2023-08-15T06:29:44","guid":{"rendered":"https:\/\/lejor.com.br\/?post_type=product&#038;p=2351"},"modified":"2023-08-15T12:55:22","modified_gmt":"2023-08-15T15:55:22","slug":"mistura-para-bolo-de-aipim-5kg","status":"publish","type":"product","link":"https:\/\/lejor.com.br\/index.php\/produto\/mistura-para-bolo-de-aipim-5kg\/","title":{"rendered":"Mistura para Bolo de Aipim &#8211; 5Kg"},"content":{"rendered":"<p>A\u00e7\u00facar, amido (Bacillus thuringiensis, Streptomyces viridochromogenes, Agrobacterium<br \/>\ntumefaciens), farinha de trigo enriquecida com ferro e \u00e1cido f\u00f3lico, gordura vegetal hidrogenada,<br \/>\nf\u00e9cula de mandioca, sal, fermentos qu\u00edmicos: bicarbonato de s\u00f3dio, pirofosfato \u00e1cido de s\u00f3dio e<br \/>\nfosfato monoc\u00e1lcico, conservador: propionato de c\u00e1lcio, espessantes: goma guar e goma xantana,<br \/>\ne aromatizante.<\/p>\n<p><strong>CONT\u00c9M GL\u00daTEN. AL\u00c9RGICOS: CONT\u00c9M DERIVADOS DE TRIGO E DE SOJA.<br \/>\n<\/strong><strong>PODE CONTER LEITE.<\/strong><\/p>\n","protected":false},"excerpt":{"rendered":"<p>A\u00e7\u00facar, amido (Bacillus thuringiensis, Streptomyces viridochromogenes, Agrobacterium tumefaciens), farinha de trigo enriquecida com ferro e \u00e1cido f\u00f3lico, gordura vegetal hidrogenada, f\u00e9cula de mandioca, sal, fermentos qu\u00edmicos: bicarbonato de s\u00f3dio, pirofosfato \u00e1cido de s\u00f3dio e fosfato monoc\u00e1lcico, conservador: propionato de c\u00e1lcio, espessantes: goma guar e goma xantana, e aromatizante. CONT\u00c9M GL\u00daTEN. AL\u00c9RGICOS: CONT\u00c9M DERIVADOS DE TRIGO [&hellip;]<\/p>\n","protected":false},"featured_media":2352,"comment_status":"open","ping_status":"closed","template":"","meta":[],"product_cat":[27],"product_tag":[],"class_list":{"0":"post-2351","1":"product","2":"type-product","3":"status-publish","4":"has-post-thumbnail","6":"product_cat-mauri","8":"first","9":"instock","10":"shipping-taxable","11":"purchasable","12":"product-type-simple"},"_links":{"self":[{"href":"https:\/\/lejor.com.br\/index.php\/wp-json\/wp\/v2\/product\/2351","targetHints":{"allow":["GET"]}}],"collection":[{"href":"https:\/\/lejor.com.br\/index.php\/wp-json\/wp\/v2\/product"}],"about":[{"href":"https:\/\/lejor.com.br\/index.php\/wp-json\/wp\/v2\/types\/product"}],"replies":[{"embeddable":true,"href":"https:\/\/lejor.com.br\/index.php\/wp-json\/wp\/v2\/comments?post=2351"}],"version-history":[{"count":1,"href":"https:\/\/lejor.com.br\/index.php\/wp-json\/wp\/v2\/product\/2351\/revisions"}],"predecessor-version":[{"id":2353,"href":"https:\/\/lejor.com.br\/index.php\/wp-json\/wp\/v2\/product\/2351\/revisions\/2353"}],"wp:featuredmedia":[{"embeddable":true,"href":"https:\/\/lejor.com.br\/index.php\/wp-json\/wp\/v2\/media\/2352"}],"wp:attachment":[{"href":"https:\/\/lejor.com.br\/index.php\/wp-json\/wp\/v2\/media?parent=2351"}],"wp:term":[{"taxonomy":"product_cat","embeddable":true,"href":"https:\/\/lejor.com.br\/index.php\/wp-json\/wp\/v2\/product_cat?post=2351"},{"taxonomy":"product_tag","embeddable":true,"href":"https:\/\/lejor.com.br\/index.php\/wp-json\/wp\/v2\/product_tag?post=2351"}],"curies":[{"name":"wp","href":"https:\/\/api.w.org\/{rel}","templated":true}]}}